{"id":4987,"date":"2021-03-17T12:09:54","date_gmt":"2021-03-17T12:09:54","guid":{"rendered":"https:\/\/themeforest.unitedthemes.com\/wpversions\/brooklyn\/xml\/demo43-dark\/?page_id=4987"},"modified":"2021-11-03T18:14:17","modified_gmt":"2021-11-03T18:14:17","slug":"pricing","status":"publish","type":"page","link":"https:\/\/optyk-bochnia.pl\/index.php\/pricing\/","title":{"rendered":"BADADNIE WZROKU"},"content":{"rendered":"<p>[vc_section el_name=&#8221;Pricing&#8221; css=&#8221;.vc_custom_1635842849194{margin-top: 20px !important;border-top-width: 20px !important;padding-top: 20px !important;}&#8221;][vc_row delay=&#8221;true&#8221; effect=&#8221;fadeIn&#8221; el_name=&#8221;Row has animation&#8221;][vc_column background_position=&#8221;left top&#8221; hide_bg_mobile=&#8221;true&#8221; css=&#8221;.vc_custom_1616737467820{background-image: url(https:\/\/optyk-bochnia.pl\/wp-content\/uploads\/2021\/03\/ut-dots-dark.svg?id=9686) !important;background-position: 0 0 !important;background-repeat: no-repeat !important;}&#8221; offset=&#8221;vc_col-lg-offset-2 vc_col-lg-8 vc_col-md-offset-1 vc_col-md-10 vc_col-sm-offset-1 vc_col-sm-10&#8243; el_class=&#8221;website-49-custom-box&#8221;]<style type=\"text\/css\">#ut_custom_heading69dfe9108bf88 { font-size:20px !important;line-height:28px !important; }#ut_custom_heading69dfe9108bf88 { text-align:left; }@media (min-width: 768px) and (max-width: 1024px) { #ut_custom_heading69dfe9108bf88 { text-align:left; } }@media (max-width: 767px) { #ut_custom_heading69dfe9108bf88 { text-align:center; } }<\/style><h4 id=\"ut_custom_heading69dfe9108bf88\" data-responsive-font=\"h4\" data-responsive-font-settings=\"{&quot;base-font-size&quot;:&quot;20&quot;,&quot;font-size-unit&quot;:&quot;px&quot;,&quot;font-size&quot;:{&quot;desktop_large&quot;:&quot;20&quot;},&quot;base-line-height&quot;:&quot;global&quot;,&quot;line-height&quot;:{&quot;desktop_large&quot;:&quot;28&quot;},&quot;base-letter-spacing&quot;:&quot;global&quot;}\" class=\"ut-custom-heading-module  \" ><span class=\"\" >Pracownia Optyczna Pawe\u0142 Budzik<\/span><\/h4><div class=\"wpb_content_element  vc_custom_1635804162031\"><style type=\"text\/css\">#ut_header_69dfe910b0ace h1.section-title { font-size:90px !important;line-height:100px !important;letter-spacing:-0.03em; }<\/style><header id=\"ut_header_69dfe910b0ace\" class=\"section-header  ut-no-title-linebreak-mobile ut-no-lead-linebreak-mobile pt-style-7 header-left header-tablet-left header-mobile-center element-with-custom-line-height\"><div class=\"element-with-custom-line-height\" ><h1 data-title=\"Badanie wzroku\"  data-responsive-font=\"section_title\" data-responsive-font-settings=\"{&quot;base-font-size&quot;:&quot;90&quot;,&quot;font-size-unit&quot;:&quot;px&quot;,&quot;font-size&quot;:{&quot;desktop_large&quot;:&quot;90&quot;},&quot;base-line-height&quot;:&quot;100&quot;,&quot;line-height-unit&quot;:&quot;px&quot;,&quot;line-height&quot;:{&quot;desktop_large&quot;:&quot;100&quot;},&quot;base-letter-spacing&quot;:&quot;global&quot;,&quot;letter-spacing&quot;:{&quot;desktop_large&quot;:&quot;-0.03&quot;}}\" class=\"section-title  \"><span>Badanie wzroku<\/span><\/h1><\/div><div data-delay=\"0\" class=\"lead \"><p>Najwa\u017cniejsze jest bezpiecze\u0144stwo &#8211; mo\u017cesz zaufa\u0107 naszemu profesjonalnemu zespo\u0142owi.<\/p>\n<\/div><\/header><\/div>[vc_column_text]<\/p>\n<p style=\"text-align: justify;\">Bezinwazyjne badanie wzroku wykonywane jest w naszym gabinecie ze szczeg\u00f3ln\u0105 dok\u0142adno\u015bci\u0105 i dba\u0142o\u015bci\u0105 o detale. Badanie poprzedzone jest wnikliwym wywiadem, dzi\u0119ki czemu ka\u017cdemu pacjentowi przedstawiona zostaje indywidualna oferta, dopasowana do jego potrzeb.<\/p>\n<p style=\"text-align: justify;\">Nasz zesp\u00f3\u0142 regularnie ucz\u0119szcza na targi tematyczne, co pozwala nam by\u0107 na bie\u017c\u0105co z nowinkami w zakresie optyki i optometrii.<\/p>\n<p>[\/vc_column_text][\/vc_column][\/vc_row][vc_row delay=&#8221;true&#8221; effect=&#8221;fadeIn&#8221; el_name=&#8221;Row has animation&#8221;][vc_column][vc_separator color=&#8221;custom&#8221; accent_color=&#8221;#dddddd&#8221;]<div class=\"wpb_content_element ut-gallery-10  clearfix\"><style type=\"text\/css\">#ut_ig_69dfe910c43d1 .ut-lazy:not(.ut-image-loaded) + .ut-video-module-loading { display:block; }#ut_ig_69dfe910c43d1 .ut-lazy.ut-image-loaded + .ut-video-module-loading { display:none; }<\/style><div id=\"ut_ig_69dfe910c43d1\" class=\"ut-image-gallery ut-image-gallery-module  ut-image-gallery-10 clearfix\" data-settings=\"{&quot;animate&quot;:true,&quot;effect&quot;:&quot;&quot;,&quot;lazy&quot;:true,&quot;delay_animation&quot;:false,&quot;global_delay_animation&quot;:false,&quot;delay_timer&quot;:100,&quot;global_delay_timer&quot;:100}\" ><div  data-count=\"6\" class=\"ut-image-gallery-item ut-animation-done grid-33 tablet-grid-33 mobile-grid-100\"><a  class=\"ut-vc-images-lightbox ut-vc-images-lightbox-group-image\"  data-exthumbimage=\"https:\/\/optyk-bochnia.pl\/wp-content\/uploads\/2021\/11\/wyswietlacz-optotypow-NIDEK-200x200.jpg\" href=\"https:\/\/optyk-bochnia.pl\/wp-content\/uploads\/2021\/11\/wyswietlacz-optotypow-NIDEK.jpg\" data-title=\"wy\u015bwietlacz-optotyp\u00f3w-NIDEK\" data-caption=\"\" data-caption-color=\"\" data-caption-background=\"\"><div class=\"ut-image-gallery-image\" ><img  class=\" ut-lazy skip-lazy\" src=\"data:image\/svg+xml;charset=utf-8,%3Csvg xmlns%3D'http%3A%2F%2Fwww.w3.org%2F2000%2Fsvg' viewBox%3D'0 0 1300 867'%2F%3E\" data-src=\"https:\/\/optyk-bochnia.pl\/wp-content\/uploads\/2021\/11\/wyswietlacz-optotypow-NIDEK-1300x867.jpg\" width=\"1300\" height=\"867\"><\/div><\/a><\/div><div  data-count=\"6\" class=\"ut-image-gallery-item ut-animation-done ut-animation-done grid-33 tablet-grid-33 mobile-grid-100\"><a  class=\"ut-vc-images-lightbox ut-vc-images-lightbox-group-image\"  data-exthumbimage=\"https:\/\/optyk-bochnia.pl\/wp-content\/uploads\/2021\/11\/KASETA-OKULISTYCZNA-200x200.jpg\" href=\"https:\/\/optyk-bochnia.pl\/wp-content\/uploads\/2021\/11\/KASETA-OKULISTYCZNA.jpg\" data-title=\"KASETA-OKULISTYCZNA\" data-caption=\"\" data-caption-color=\"\" data-caption-background=\"\"><div class=\"ut-image-gallery-image\" ><img  class=\" ut-lazy skip-lazy\" src=\"data:image\/svg+xml;charset=utf-8,%3Csvg xmlns%3D'http%3A%2F%2Fwww.w3.org%2F2000%2Fsvg' viewBox%3D'0 0 1300 867'%2F%3E\" data-src=\"https:\/\/optyk-bochnia.pl\/wp-content\/uploads\/2021\/11\/KASETA-OKULISTYCZNA-1300x867.jpg\" width=\"1300\" height=\"867\"><\/div><\/a><\/div><div  data-count=\"3\" class=\"ut-image-gallery-item ut-animation-done ut-animation-done ut-animation-done grid-33 tablet-grid-33 mobile-grid-100 ut-tablet-last ut-desktop-last\"><a  class=\"ut-vc-images-lightbox ut-vc-images-lightbox-group-image\"  data-exthumbimage=\"https:\/\/optyk-bochnia.pl\/wp-content\/uploads\/2021\/11\/20210914_171427-200x200.jpg\" href=\"https:\/\/optyk-bochnia.pl\/wp-content\/uploads\/2021\/11\/20210914_171427.jpg\" data-title=\"20210914_171427\" data-caption=\"\" data-caption-color=\"\" data-caption-background=\"\"><div class=\"ut-image-gallery-image\" ><img  class=\" ut-lazy skip-lazy\" src=\"data:image\/svg+xml;charset=utf-8,%3Csvg xmlns%3D'http%3A%2F%2Fwww.w3.org%2F2000%2Fsvg' viewBox%3D'0 0 1300 867'%2F%3E\" data-src=\"https:\/\/optyk-bochnia.pl\/wp-content\/uploads\/2021\/11\/20210914_171427-1300x867.jpg\" width=\"1300\" height=\"867\"><\/div><\/a><\/div><div class=\"clear hide-on-tablet\"><\/div><div  data-count=\"3\" class=\"ut-image-gallery-item ut-animation-done ut-animation-done ut-animation-done ut-animation-done grid-33 tablet-grid-33 mobile-grid-100\"><a  class=\"ut-vc-images-lightbox ut-vc-images-lightbox-group-image\"  data-exthumbimage=\"https:\/\/optyk-bochnia.pl\/wp-content\/uploads\/2021\/11\/wyswietlacz-do-sterowania-foropterem-200x200.jpg\" href=\"https:\/\/optyk-bochnia.pl\/wp-content\/uploads\/2021\/11\/wyswietlacz-do-sterowania-foropterem.jpg\" data-title=\"wy\u015bwietlacz-do-sterowania-foropterem\" data-caption=\"\" data-caption-color=\"\" data-caption-background=\"\"><div class=\"ut-image-gallery-image\" ><img  class=\" ut-lazy skip-lazy\" src=\"data:image\/svg+xml;charset=utf-8,%3Csvg xmlns%3D'http%3A%2F%2Fwww.w3.org%2F2000%2Fsvg' viewBox%3D'0 0 1300 867'%2F%3E\" data-src=\"https:\/\/optyk-bochnia.pl\/wp-content\/uploads\/2021\/11\/wyswietlacz-do-sterowania-foropterem-730x867-1300x867.jpg\" width=\"1300\" height=\"867\"><\/div><\/a><\/div><div  data-count=\"3\" class=\"ut-image-gallery-item ut-animation-done ut-animation-done ut-animation-done ut-animation-done ut-animation-done grid-33 tablet-grid-33 mobile-grid-100\"><a  class=\"ut-vc-images-lightbox ut-vc-images-lightbox-group-image\"  data-exthumbimage=\"https:\/\/optyk-bochnia.pl\/wp-content\/uploads\/2021\/11\/20210914_170940-200x200.jpg\" href=\"https:\/\/optyk-bochnia.pl\/wp-content\/uploads\/2021\/11\/20210914_170940.jpg\" data-title=\"20210914_170940\" data-caption=\"\" data-caption-color=\"\" data-caption-background=\"\"><div class=\"ut-image-gallery-image\" ><img  class=\" ut-lazy skip-lazy\" src=\"data:image\/svg+xml;charset=utf-8,%3Csvg xmlns%3D'http%3A%2F%2Fwww.w3.org%2F2000%2Fsvg' viewBox%3D'0 0 1300 867'%2F%3E\" data-src=\"https:\/\/optyk-bochnia.pl\/wp-content\/uploads\/2021\/11\/20210914_170940-1300x867.jpg\" width=\"1300\" height=\"867\"><\/div><\/a><\/div><div  data-count=\"3\" class=\"ut-image-gallery-item ut-animation-done ut-animation-done ut-animation-done ut-animation-done ut-animation-done ut-animation-done grid-33 tablet-grid-33 mobile-grid-100\"><a  class=\"ut-vc-images-lightbox ut-vc-images-lightbox-group-image\"  data-exthumbimage=\"https:\/\/optyk-bochnia.pl\/wp-content\/uploads\/2021\/11\/20210914_171212-200x200.jpg\" href=\"https:\/\/optyk-bochnia.pl\/wp-content\/uploads\/2021\/11\/20210914_171212.jpg\" data-title=\"20210914_171212\" data-caption=\"\" data-caption-color=\"\" data-caption-background=\"\"><div class=\"ut-image-gallery-image\" ><img  class=\" ut-lazy skip-lazy\" src=\"data:image\/svg+xml;charset=utf-8,%3Csvg xmlns%3D'http%3A%2F%2Fwww.w3.org%2F2000%2Fsvg' viewBox%3D'0 0 1300 867'%2F%3E\" data-src=\"https:\/\/optyk-bochnia.pl\/wp-content\/uploads\/2021\/11\/20210914_171212-1300x867.jpg\" width=\"1300\" height=\"867\"><\/div><\/a><\/div><div class=\"ut-image-gallery-sizer\"><\/div><div class=\"clear\"><\/div><\/div><\/div>[\/vc_column][\/vc_row][\/vc_section]<\/p>\n","protected":false},"excerpt":{"rendered":"<p>[vc_section el_name=&#8221;Pricing&#8221; css=&#8221;.vc_custom_1635842849194{margin-top: 20px !important;border-top-width: 20px !important;padding-top: 20px !important;}&#8221;][vc_row delay=&#8221;true&#8221; effect=&#8221;fadeIn&#8221; el_name=&#8221;Row has animation&#8221;][vc_column background_position=&#8221;left top&#8221; hide_bg_mobile=&#8221;true&#8221; css=&#8221;.vc_custom_1616737467820{background-image: url(https:\/\/optyk-bochnia.pl\/wp-content\/uploads\/2021\/03\/ut-dots-dark.svg?id=9686) !important;background-position: 0 0 !important;background-repeat: no-repeat !important;}&#8221; offset=&#8221;vc_col-lg-offset-2 vc_col-lg-8 vc_col-md-offset-1 vc_col-md-10 vc_col-sm-offset-1 vc_col-sm-10&#8243; el_class=&#8221;website-49-custom-box&#8221;][vc_column_text] Bezinwazyjne badanie wzroku wykonywane jest w naszym gabinecie ze szczeg\u00f3ln\u0105 dok\u0142adno\u015bci\u0105 i dba\u0142o\u015bci\u0105 o detale. Badanie poprzedzone jest wnikliwym wywiadem, dzi\u0119ki czemu ka\u017cdemu [&hellip;]<\/p>\n","protected":false},"author":1,"featured_media":0,"parent":0,"menu_order":0,"comment_status":"closed","ping_status":"closed","template":"","meta":[],"_links":{"self":[{"href":"https:\/\/optyk-bochnia.pl\/index.php\/wp-json\/wp\/v2\/pages\/4987"}],"collection":[{"href":"https:\/\/optyk-bochnia.pl\/index.php\/wp-json\/wp\/v2\/pages"}],"about":[{"href":"https:\/\/optyk-bochnia.pl\/index.php\/wp-json\/wp\/v2\/types\/page"}],"author":[{"embeddable":true,"href":"https:\/\/optyk-bochnia.pl\/index.php\/wp-json\/wp\/v2\/users\/1"}],"replies":[{"embeddable":true,"href":"https:\/\/optyk-bochnia.pl\/index.php\/wp-json\/wp\/v2\/comments?post=4987"}],"version-history":[{"count":11,"href":"https:\/\/optyk-bochnia.pl\/index.php\/wp-json\/wp\/v2\/pages\/4987\/revisions"}],"predecessor-version":[{"id":10103,"href":"https:\/\/optyk-bochnia.pl\/index.php\/wp-json\/wp\/v2\/pages\/4987\/revisions\/10103"}],"wp:attachment":[{"href":"https:\/\/optyk-bochnia.pl\/index.php\/wp-json\/wp\/v2\/media?parent=4987"}],"curies":[{"name":"wp","href":"https:\/\/api.w.org\/{rel}","templated":true}]}}