{"id":4984,"date":"2021-03-17T12:09:30","date_gmt":"2021-03-17T12:09:30","guid":{"rendered":"https:\/\/themeforest.unitedthemes.com\/wpversions\/brooklyn\/xml\/demo43-dark\/?page_id=4984"},"modified":"2021-11-03T18:15:28","modified_gmt":"2021-11-03T18:15:28","slug":"work","status":"publish","type":"page","link":"https:\/\/optyk-bochnia.pl\/index.php\/work\/","title":{"rendered":"Okulary"},"content":{"rendered":"<p>[vc_section el_name=&#8221;Cases&#8221; css=&#8221;.vc_custom_1635842908594{margin-top: 20px !important;border-top-width: 20px !important;padding-top: 20px !important;}&#8221;][vc_row delay=&#8221;true&#8221; effect=&#8221;fadeIn&#8221; el_name=&#8221;Row has animation&#8221;][vc_column background_position=&#8221;left top&#8221; hide_bg_mobile=&#8221;true&#8221; css=&#8221;.vc_custom_1616733997078{background-image: url(https:\/\/optyk-bochnia.pl\/wp-content\/uploads\/2021\/03\/ut-dots-dark.svg?id=9686) !important;background-position: 0 0 !important;background-repeat: no-repeat !important;}&#8221; effect=&#8221;none&#8221; offset=&#8221;vc_col-lg-offset-2 vc_col-lg-8 vc_col-md-offset-1 vc_col-md-9 vc_col-sm-offset-1 vc_col-sm-9&#8243; el_class=&#8221;website-49-custom-box&#8221;]<style type=\"text\/css\">#ut_custom_heading69dfe9280f075 { font-size:20px !important;line-height:28px !important; }#ut_custom_heading69dfe9280f075 { text-align:left; }@media (min-width: 768px) and (max-width: 1024px) { #ut_custom_heading69dfe9280f075 { text-align:left; } }@media (max-width: 767px) { #ut_custom_heading69dfe9280f075 { text-align:center; } }<\/style><h4 id=\"ut_custom_heading69dfe9280f075\" data-responsive-font=\"h4\" data-responsive-font-settings=\"{&quot;base-font-size&quot;:&quot;20&quot;,&quot;font-size-unit&quot;:&quot;px&quot;,&quot;font-size&quot;:{&quot;desktop_large&quot;:&quot;20&quot;},&quot;base-line-height&quot;:&quot;global&quot;,&quot;line-height&quot;:{&quot;desktop_large&quot;:&quot;28&quot;},&quot;base-letter-spacing&quot;:&quot;global&quot;}\" class=\"ut-custom-heading-module  \" ><span class=\"\" >W naszej ofercie<\/span><\/h4><div class=\"wpb_content_element  vc_custom_1635523635576\"><style type=\"text\/css\">#ut_header_69dfe92824df3 h1.section-title { font-size:90px !important;line-height:100px !important;letter-spacing:-0.03em; }<\/style><header id=\"ut_header_69dfe92824df3\" class=\"section-header  ut-no-title-linebreak-mobile ut-no-lead-linebreak-mobile pt-style-7 header-left header-tablet-left header-mobile-center element-with-custom-line-height\"><div class=\"element-with-custom-line-height\" ><h1 data-title=\"OKULARY\"  data-responsive-font=\"section_title\" data-responsive-font-settings=\"{&quot;base-font-size&quot;:&quot;90&quot;,&quot;font-size-unit&quot;:&quot;px&quot;,&quot;font-size&quot;:{&quot;desktop_large&quot;:&quot;90&quot;},&quot;base-line-height&quot;:&quot;100&quot;,&quot;line-height-unit&quot;:&quot;px&quot;,&quot;line-height&quot;:{&quot;desktop_large&quot;:&quot;100&quot;},&quot;base-letter-spacing&quot;:&quot;global&quot;,&quot;letter-spacing&quot;:{&quot;desktop_large&quot;:&quot;-0.03&quot;}}\" class=\"section-title  \"><span>OKULARY<\/span><\/h1><\/div><div data-delay=\"0\" class=\"lead \"><p>KOREKCYJNE I PRZECIWS\u0141ONECZNE<\/p>\n<\/div><\/header><\/div>[vc_column_text]<\/p>\n<p style=\"text-align: justify;\">Oferujemy szeroki asortyment opraw korekcyjnych i przeciws\u0142onecznych dla kobiet, m\u0119\u017cczyzn oraz dzieci. Wyb\u00f3r spo\u015br\u00f3d kilkuset r\u00f3\u017cnych kszta\u0142t\u00f3w i kolor\u00f3w usatysfakcjonuje nawet najbardziej wymagaj\u0105cych klient\u00f3w. Posiadamy oprawy zar\u00f3wno od producent\u00f3w polskich (Liw Lewant, Lorneta, Optalex itd.), jak i zagranicznych (Ray-Ban, Emporio Armani, Dolce &amp; Gabbana, Prada, Cazal, Silhouette itd.).<\/p>\n<p>[\/vc_column_text][\/vc_column][\/vc_row][vc_row hide_on_mobile=&#8221;true&#8221; delay=&#8221;true&#8221; effect=&#8221;fadeIn&#8221; el_name=&#8221;Row has animation&#8221; css=&#8221;.vc_custom_1616512798445{margin-top: 80px !important;}&#8221;][vc_column effect=&#8221;none&#8221;][vc_separator color=&#8221;custom&#8221; accent_color=&#8221;#dddddd&#8221;][\/vc_column][\/vc_row][\/vc_section][vc_section css=&#8221;.vc_custom_1616000333063{padding-top: 40px !important;}&#8221;][vc_row delay=&#8221;true&#8221; el_name=&#8221;Showcase has margin bottom 0&#8243; effect=&#8221;fadeIn&#8221;][vc_column]<div id=\"ut_oms_69dfe928312b3\" class=\"wpb_content_element \"><style type=\"text\/css\"> #ut_oms_69dfe928312b3 .ut-gallery-slider-caption-wrap::before { content: \"\"; }<\/style><div class=\"ut-owl-gallery-slider-wrap ut-owl-gallery-slider-style-one\"><div id=\"ut_ms_69dfe928312b1\" class=\"ut-owl-gallery-slider owl-carousel owl-theme  ut-owl-carousel\" data-settings=\"{&quot;items&quot;:&quot;2&quot;,&quot;lazyLoad&quot;:true,&quot;smartSpeed&quot;:600,&quot;animateIn&quot;:false,&quot;animateOut&quot;:false,&quot;autoplay&quot;:true,&quot;autoplayHoverPause&quot;:true,&quot;autoplayTimeout&quot;:5000,&quot;loop&quot;:true,&quot;nav&quot;:false,&quot;dots&quot;:false,&quot;responsiveClass&quot;:true,&quot;responsive&quot;:{&quot;0&quot;:{&quot;items&quot;:1},&quot;768&quot;:{&quot;items&quot;:1},&quot;1025&quot;:{&quot;items&quot;:&quot;2&quot;}},&quot;lightbox&quot;:&quot;yes&quot;}\"><div><figure class=\"ut-gallery-slider-caption-wrap\"><a data-title=\"_MG_9716\" data-caption=\"\" data-caption-color=\"\" data-caption-background=\"\" data-trigger-id=\"ut-lightbox-trigger-10041\" data-exthumbimage=\"https:\/\/optyk-bochnia.pl\/wp-content\/uploads\/2021\/11\/MG_9716-200x200.jpg\" href=\"https:\/\/optyk-bochnia.pl\/wp-content\/uploads\/2021\/11\/MG_9716.jpg\" class=\"for-lightbox ut-slider-maximize\"><i class=\"Bklyn-Core-Maximize-3\"><\/i><\/a><img class=\"item owl-lazy\"  data-src=\"https:\/\/optyk-bochnia.pl\/wp-content\/uploads\/2021\/11\/MG_9716.jpg\" \/><\/figure><\/div><div><figure class=\"ut-gallery-slider-caption-wrap\"><a data-title=\"_MG_9721\" data-caption=\"\" data-caption-color=\"\" data-caption-background=\"\" data-trigger-id=\"ut-lightbox-trigger-10040\" data-exthumbimage=\"https:\/\/optyk-bochnia.pl\/wp-content\/uploads\/2021\/11\/MG_9721-200x200.jpg\" href=\"https:\/\/optyk-bochnia.pl\/wp-content\/uploads\/2021\/11\/MG_9721.jpg\" class=\"for-lightbox ut-slider-maximize\"><i class=\"Bklyn-Core-Maximize-3\"><\/i><\/a><img class=\"item owl-lazy\"  data-src=\"https:\/\/optyk-bochnia.pl\/wp-content\/uploads\/2021\/11\/MG_9721.jpg\" \/><\/figure><\/div><div><figure class=\"ut-gallery-slider-caption-wrap\"><a data-title=\"_MG_9814\" data-caption=\"\" data-caption-color=\"\" data-caption-background=\"\" data-trigger-id=\"ut-lightbox-trigger-10039\" data-exthumbimage=\"https:\/\/optyk-bochnia.pl\/wp-content\/uploads\/2021\/11\/MG_9814-200x200.jpg\" href=\"https:\/\/optyk-bochnia.pl\/wp-content\/uploads\/2021\/11\/MG_9814.jpg\" class=\"for-lightbox ut-slider-maximize\"><i class=\"Bklyn-Core-Maximize-3\"><\/i><\/a><img class=\"item owl-lazy\"  data-src=\"https:\/\/optyk-bochnia.pl\/wp-content\/uploads\/2021\/11\/MG_9814.jpg\" \/><\/figure><\/div><div><figure class=\"ut-gallery-slider-caption-wrap\"><a data-title=\"_MG_9625\" data-caption=\"\" data-caption-color=\"\" data-caption-background=\"\" data-trigger-id=\"ut-lightbox-trigger-10038\" data-exthumbimage=\"https:\/\/optyk-bochnia.pl\/wp-content\/uploads\/2021\/11\/MG_9625-200x200.jpg\" href=\"https:\/\/optyk-bochnia.pl\/wp-content\/uploads\/2021\/11\/MG_9625.jpg\" class=\"for-lightbox ut-slider-maximize\"><i class=\"Bklyn-Core-Maximize-3\"><\/i><\/a><img class=\"item owl-lazy\"  data-src=\"https:\/\/optyk-bochnia.pl\/wp-content\/uploads\/2021\/11\/MG_9625.jpg\" \/><\/figure><\/div><\/div><a href=\"#\" data-for=\"ut_ms_69dfe928312b1\" class=\"ut-prev-gallery-slide \"><i class=\"Bklyn-Core-Left-2\"><\/i><\/a><a href=\"#\" data-for=\"ut_ms_69dfe928312b1\" class=\"ut-next-gallery-slide \"><i class=\"Bklyn-Core-Right-2\"><\/i><\/a><\/div><\/div>[\/vc_column][\/vc_row][\/vc_section][vc_section][vc_row delay=&#8221;true&#8221; effect=&#8221;fadeIn&#8221; el_name=&#8221;Row has animation&#8221;][vc_column]<div id=\"ut_cc_outer_69dfe92837b54\" class=\"wpb_content_element \"><style type=\"text\/css\">#ut_cc_69dfe92837b53.ut-brands:not(.ut-brands-carousel) {-webkit-box-pack: center; -ms-flex-pack: center; justify-content: center;}#ut_cc_69dfe92837b53 .ut-single-brand-logo{opacity: 1;}#ut_cc_69dfe92837b53 .ut-single-brand.ut-single-brand-link:hover .ut-single-brand-logo,#ut_cc_69dfe92837b53 .ut-single-brand.ut-single-brand-cells:hover .ut-single-brand-logo,#ut_cc_69dfe92837b53 .ut-single-brand:not(.ut-single-brand-link):not(.ut-single-brand-cells) .ut-single-brand-logo:hover {opacity: 1;}#ut_cc_69dfe92837b53 .ut-single-brand-logo img{max-height: 100px;}#ut_cc_69dfe92837b53.ut-brands-display-cells .ut-single-brand {border-right: 1px solid #DDD;border-bottom: 1px solid #DDD;}#ut_cc_69dfe92837b53.ut-brands-display-cells .ut-single-brand:first-child {border-left: 1px solid #DDD;}@media (min-width: 1025px) {#ut_cc_69dfe92837b53.ut-brands-display-cells .ut-single-brand:nth-child(3n+1) {border-left: 1px solid #DDD;}#ut_cc_69dfe92837b53.ut-brands-display-cells .ut-single-brand:nth-child(-n+3) {border-top: 1px solid #DDD;}#ut_cc_69dfe92837b53.ut-brands-display-plain:not(.ut-brands-carousel) .ut-single-brand:nth-last-child(-n+2) {padding-bottom: 0;}}@media (min-width: 768px) and (max-width: 1024px) {#ut_cc_69dfe92837b53.ut-brands-display-cells .ut-single-brand:nth-child(3n+1) {border-left: 1px solid #DDD;}#ut_cc_69dfe92837b53.ut-brands-display-cells .ut-single-brand:nth-child(-n+3) {border-top: 1px solid #DDD;}#ut_cc_69dfe92837b53.ut-brands-display-plain:not(.ut-brands-carousel) .ut-single-brand:nth-last-child(-n+2) {padding-bottom: 0;}}@media (max-width: 767px) {#ut_cc_69dfe92837b53.ut-brands-display-cells .ut-single-brand:nth-child(2n+1) {border-left: 1px solid #DDD;}#ut_cc_69dfe92837b53.ut-brands-display-cells .ut-single-brand:nth-child(-n+2) {border-top: 1px solid #DDD;}#ut_cc_69dfe92837b53.ut-brands-display-plain:not(.ut-brands-carousel) .ut-single-brand:nth-last-child(-n+1) {padding-bottom: 0;}}<\/style><div id=\"ut_cc_69dfe92837b53\" class=\"ut-brands  ut-brands-carousel ut-brands-carousel-no-arrows ut-brands-columns-3 ut-brands-display-plain ut-brands-no-border-top ut-brands-no-border-bottom\" data-settings=\"{&quot;cellAlign&quot;:&quot;left&quot;,&quot;wrapAround&quot;:true,&quot;groupCells&quot;:1,&quot;lazyLoad&quot;:4,&quot;imagesLoaded&quot;:true,&quot;pageDots&quot;:false,&quot;autoPlay&quot;:&quot;3000&quot;,&quot;pauseAutoPlayOnHover&quot;:false,&quot;prevNextButtons&quot;:false,&quot;arrowShape&quot;:&quot;&quot;}\"><div class=\"ut-single-brand \"><div class=\"ut-single-brand-logo\"><img alt=\"Image\" data-flickity-lazyload=\"https:\/\/optyk-bochnia.pl\/wp-content\/uploads\/2021\/10\/davidoff.jpg\"><\/div><\/div><div class=\"ut-single-brand \"><div class=\"ut-single-brand-logo\"><img alt=\"Image\" data-flickity-lazyload=\"https:\/\/optyk-bochnia.pl\/wp-content\/uploads\/2021\/10\/tommy.jpg\"><\/div><\/div><div class=\"ut-single-brand \"><div class=\"ut-single-brand-logo\"><img alt=\"Image\" data-flickity-lazyload=\"https:\/\/optyk-bochnia.pl\/wp-content\/uploads\/2021\/10\/ARMANI.jpg\"><\/div><\/div><div class=\"ut-single-brand \"><div class=\"ut-single-brand-logo\"><img alt=\"Image\" data-flickity-lazyload=\"https:\/\/optyk-bochnia.pl\/wp-content\/uploads\/2021\/10\/CARRERA.jpg\"><\/div><\/div><div class=\"ut-single-brand \"><div class=\"ut-single-brand-logo\"><img alt=\"Image\" data-flickity-lazyload=\"https:\/\/optyk-bochnia.pl\/wp-content\/uploads\/2021\/10\/VERSACE.jpg\"><\/div><\/div><div class=\"ut-single-brand \"><div class=\"ut-single-brand-logo\"><img alt=\"Image\" data-flickity-lazyload=\"https:\/\/optyk-bochnia.pl\/wp-content\/uploads\/2021\/10\/PRADA.jpg\"><\/div><\/div><div class=\"ut-single-brand \"><div class=\"ut-single-brand-logo\"><img alt=\"Image\" data-flickity-lazyload=\"https:\/\/optyk-bochnia.pl\/wp-content\/uploads\/2021\/10\/DOLCE1.jpg\"><\/div><\/div><div class=\"ut-single-brand \"><div class=\"ut-single-brand-logo\"><img alt=\"Image\" data-flickity-lazyload=\"https:\/\/optyk-bochnia.pl\/wp-content\/uploads\/2021\/10\/PERSOL.jpg\"><\/div><\/div><div class=\"ut-single-brand \"><div class=\"ut-single-brand-logo\"><img alt=\"Image\" data-flickity-lazyload=\"https:\/\/optyk-bochnia.pl\/wp-content\/uploads\/2021\/10\/OAKLEY.jpg\"><\/div><\/div><div class=\"ut-single-brand \"><div class=\"ut-single-brand-logo\"><img alt=\"Image\" data-flickity-lazyload=\"https:\/\/optyk-bochnia.pl\/wp-content\/uploads\/2021\/10\/VOQUE.jpg.jpg\"><\/div><\/div><div class=\"ut-single-brand \"><div class=\"ut-single-brand-logo\"><img alt=\"Image\" data-flickity-lazyload=\"https:\/\/optyk-bochnia.pl\/wp-content\/uploads\/2021\/10\/RAYBAN.jpg\"><\/div><\/div><\/div><\/div>[\/vc_column][\/vc_row][\/vc_section]<\/p>\n","protected":false},"excerpt":{"rendered":"<p>[vc_section el_name=&#8221;Cases&#8221; css=&#8221;.vc_custom_1635842908594{margin-top: 20px !important;border-top-width: 20px !important;padding-top: 20px !important;}&#8221;][vc_row delay=&#8221;true&#8221; effect=&#8221;fadeIn&#8221; el_name=&#8221;Row has animation&#8221;][vc_column background_position=&#8221;left top&#8221; hide_bg_mobile=&#8221;true&#8221; css=&#8221;.vc_custom_1616733997078{background-image: url(https:\/\/optyk-bochnia.pl\/wp-content\/uploads\/2021\/03\/ut-dots-dark.svg?id=9686) !important;background-position: 0 0 !important;background-repeat: no-repeat !important;}&#8221; effect=&#8221;none&#8221; offset=&#8221;vc_col-lg-offset-2 vc_col-lg-8 vc_col-md-offset-1 vc_col-md-9 vc_col-sm-offset-1 vc_col-sm-9&#8243; el_class=&#8221;website-49-custom-box&#8221;][vc_column_text] Oferujemy szeroki asortyment opraw korekcyjnych i przeciws\u0142onecznych dla kobiet, m\u0119\u017cczyzn oraz dzieci. Wyb\u00f3r spo\u015br\u00f3d kilkuset r\u00f3\u017cnych kszta\u0142t\u00f3w i kolor\u00f3w usatysfakcjonuje nawet najbardziej [&hellip;]<\/p>\n","protected":false},"author":1,"featured_media":0,"parent":0,"menu_order":0,"comment_status":"closed","ping_status":"closed","template":"","meta":[],"_links":{"self":[{"href":"https:\/\/optyk-bochnia.pl\/index.php\/wp-json\/wp\/v2\/pages\/4984"}],"collection":[{"href":"https:\/\/optyk-bochnia.pl\/index.php\/wp-json\/wp\/v2\/pages"}],"about":[{"href":"https:\/\/optyk-bochnia.pl\/index.php\/wp-json\/wp\/v2\/types\/page"}],"author":[{"embeddable":true,"href":"https:\/\/optyk-bochnia.pl\/index.php\/wp-json\/wp\/v2\/users\/1"}],"replies":[{"embeddable":true,"href":"https:\/\/optyk-bochnia.pl\/index.php\/wp-json\/wp\/v2\/comments?post=4984"}],"version-history":[{"count":24,"href":"https:\/\/optyk-bochnia.pl\/index.php\/wp-json\/wp\/v2\/pages\/4984\/revisions"}],"predecessor-version":[{"id":10104,"href":"https:\/\/optyk-bochnia.pl\/index.php\/wp-json\/wp\/v2\/pages\/4984\/revisions\/10104"}],"wp:attachment":[{"href":"https:\/\/optyk-bochnia.pl\/index.php\/wp-json\/wp\/v2\/media?parent=4984"}],"curies":[{"name":"wp","href":"https:\/\/api.w.org\/{rel}","templated":true}]}}