{"id":10125,"date":"2021-11-07T15:59:24","date_gmt":"2021-11-07T15:59:24","guid":{"rendered":"https:\/\/optyk-bochnia.pl\/?page_id=10125"},"modified":"2021-12-02T07:59:47","modified_gmt":"2021-12-02T07:59:47","slug":"promocje","status":"publish","type":"page","link":"https:\/\/optyk-bochnia.pl\/index.php\/promocje\/","title":{"rendered":"Promocje !"},"content":{"rendered":"<p>[vc_section el_name=&#8221;Cases&#8221; css=&#8221;.vc_custom_1635842908594{margin-top: 20px !important;border-top-width: 20px !important;padding-top: 20px !important;}&#8221;][vc_row delay=&#8221;true&#8221; effect=&#8221;fadeIn&#8221; el_name=&#8221;Row has animation&#8221;][vc_column background_position=&#8221;left top&#8221; hide_bg_mobile=&#8221;true&#8221; css=&#8221;.vc_custom_1616733997078{background-image: url(https:\/\/optyk-bochnia.pl\/wp-content\/uploads\/2021\/03\/ut-dots-dark.svg?id=9686) !important;background-position: 0 0 !important;background-repeat: no-repeat !important;}&#8221; effect=&#8221;none&#8221; offset=&#8221;vc_col-lg-offset-2 vc_col-lg-8 vc_col-md-offset-1 vc_col-md-9 vc_col-sm-offset-1 vc_col-sm-9&#8243; el_class=&#8221;website-49-custom-box&#8221;]<style type=\"text\/css\">#ut_custom_heading69dfe92300540 { font-size:20px !important;line-height:28px !important; }#ut_custom_heading69dfe92300540 { text-align:left; }@media (min-width: 768px) and (max-width: 1024px) { #ut_custom_heading69dfe92300540 { text-align:left; } }@media (max-width: 767px) { #ut_custom_heading69dfe92300540 { text-align:center; } }<\/style><h4 id=\"ut_custom_heading69dfe92300540\" data-responsive-font=\"h4\" data-responsive-font-settings=\"{&quot;base-font-size&quot;:&quot;20&quot;,&quot;font-size-unit&quot;:&quot;px&quot;,&quot;font-size&quot;:{&quot;desktop_large&quot;:&quot;20&quot;},&quot;base-line-height&quot;:&quot;global&quot;,&quot;line-height&quot;:{&quot;desktop_large&quot;:&quot;28&quot;},&quot;base-letter-spacing&quot;:&quot;global&quot;}\" class=\"ut-custom-heading-module  \" ><span class=\"\" >Przed\u0142u\u017camy Black Week<\/span><\/h4><div class=\"wpb_content_element  vc_custom_1638431916088\"><style type=\"text\/css\">#ut_header_69dfe923241e9 h1.section-title { font-size:90px !important;line-height:100px !important;letter-spacing:-0.03em; }<\/style><header id=\"ut_header_69dfe923241e9\" class=\"section-header  ut-no-title-linebreak-mobile ut-no-lead-linebreak-mobile pt-style-7 header-left header-tablet-left header-mobile-center element-with-custom-line-height\"><div class=\"element-with-custom-line-height\" ><h1 data-title=\"Zapraszamy do naszego salonu\"  data-responsive-font=\"section_title\" data-responsive-font-settings=\"{&quot;base-font-size&quot;:&quot;90&quot;,&quot;font-size-unit&quot;:&quot;px&quot;,&quot;font-size&quot;:{&quot;desktop_large&quot;:&quot;90&quot;},&quot;base-line-height&quot;:&quot;100&quot;,&quot;line-height-unit&quot;:&quot;px&quot;,&quot;line-height&quot;:{&quot;desktop_large&quot;:&quot;100&quot;},&quot;base-letter-spacing&quot;:&quot;global&quot;,&quot;letter-spacing&quot;:{&quot;desktop_large&quot;:&quot;-0.03&quot;}}\" class=\"section-title  \"><span>Zapraszamy do naszego salonu<\/span><\/h1><\/div><\/header><\/div>[vc_column_text]<\/p>\n<div dir=\"auto\" style=\"text-align: justify;\">Do ko\u0144ca tygodnia:<br \/>\n&#8211; szk\u0142a jednoogniskowe firmy HOYA z najtwardsz\u0105 pow\u0142ok\u0105 antyrefleksyjn\u0105 Hi-Vision Longlife -20%<br \/>\n&#8211; przy zakupie dw\u00f3ch par okular\u00f3w na drug\u0105 ta\u0144sz\u0105 opraw\u0119 -15%<br \/>\n&#8211; przypominamy o pozosta\u0142ych promocjach, kt\u00f3re trwaj\u0105 do ko\u0144ca roku<\/div>\n<p>[\/vc_column_text]<div class=\"wpb_content_element ut-gallery-5  clearfix\"><style type=\"text\/css\">#ut_ig_69dfe92331310 .ut-lazy:not(.ut-image-loaded) + .ut-video-module-loading { display:block; }#ut_ig_69dfe92331310 .ut-lazy.ut-image-loaded + .ut-video-module-loading { display:none; }<\/style><div id=\"ut_ig_69dfe92331310\" class=\"ut-image-gallery ut-image-gallery-module  ut-image-gallery-5 clearfix\" data-settings=\"{&quot;animate&quot;:true,&quot;effect&quot;:&quot;&quot;,&quot;lazy&quot;:true,&quot;delay_animation&quot;:false,&quot;global_delay_animation&quot;:false,&quot;delay_timer&quot;:100,&quot;global_delay_timer&quot;:100}\" ><div  data-count=\"3\" class=\"ut-image-gallery-item ut-animation-done grid-33 tablet-grid-33 mobile-grid-100\"><a  class=\"ut-vc-images-lightbox ut-vc-images-lightbox-group-image\"  data-exthumbimage=\"https:\/\/optyk-bochnia.pl\/wp-content\/uploads\/2021\/12\/20211129_170409-200x200.jpg\" href=\"https:\/\/optyk-bochnia.pl\/wp-content\/uploads\/2021\/12\/20211129_170409.jpg\" data-title=\"20211129_170409\" data-caption=\"\" data-caption-color=\"\" data-caption-background=\"\"><div class=\"ut-image-gallery-image\" ><img  class=\" ut-lazy skip-lazy\" src=\"data:image\/svg+xml;charset=utf-8,%3Csvg xmlns%3D'http%3A%2F%2Fwww.w3.org%2F2000%2Fsvg' viewBox%3D'0 0 563 1000'%2F%3E\" data-src=\"https:\/\/optyk-bochnia.pl\/wp-content\/uploads\/2021\/12\/20211129_170409.jpg\" width=\"563\" height=\"1000\"><\/div><\/a><\/div><div  data-count=\"3\" class=\"ut-image-gallery-item ut-animation-done ut-animation-done grid-33 tablet-grid-33 mobile-grid-100\"><a  class=\"ut-vc-images-lightbox ut-vc-images-lightbox-group-image\"  data-exthumbimage=\"https:\/\/optyk-bochnia.pl\/wp-content\/uploads\/2021\/12\/20211129_170339-200x200.jpg\" href=\"https:\/\/optyk-bochnia.pl\/wp-content\/uploads\/2021\/12\/20211129_170339.jpg\" data-title=\"20211129_170339\" data-caption=\"\" data-caption-color=\"\" data-caption-background=\"\"><div class=\"ut-image-gallery-image\" ><img  class=\" ut-lazy skip-lazy\" src=\"data:image\/svg+xml;charset=utf-8,%3Csvg xmlns%3D'http%3A%2F%2Fwww.w3.org%2F2000%2Fsvg' viewBox%3D'0 0 563 1000'%2F%3E\" data-src=\"https:\/\/optyk-bochnia.pl\/wp-content\/uploads\/2021\/12\/20211129_170339.jpg\" width=\"563\" height=\"1000\"><\/div><\/a><\/div><div  data-count=\"3\" class=\"ut-image-gallery-item ut-animation-done ut-animation-done ut-animation-done grid-33 tablet-grid-33 mobile-grid-100\"><a  class=\"ut-vc-images-lightbox ut-vc-images-lightbox-group-image\"  data-exthumbimage=\"https:\/\/optyk-bochnia.pl\/wp-content\/uploads\/2021\/12\/20211129_17v0339-200x200.jpg\" href=\"https:\/\/optyk-bochnia.pl\/wp-content\/uploads\/2021\/12\/20211129_17v0339.jpg\" data-title=\"20211129_17v0339\" data-caption=\"\" data-caption-color=\"\" data-caption-background=\"\"><div class=\"ut-image-gallery-image\" ><img  class=\" ut-lazy skip-lazy\" src=\"data:image\/svg+xml;charset=utf-8,%3Csvg xmlns%3D'http%3A%2F%2Fwww.w3.org%2F2000%2Fsvg' viewBox%3D'0 0 563 1000'%2F%3E\" data-src=\"https:\/\/optyk-bochnia.pl\/wp-content\/uploads\/2021\/12\/20211129_17v0339.jpg\" width=\"563\" height=\"1000\"><\/div><\/a><\/div><div class=\"ut-image-gallery-sizer\"><\/div><div class=\"clear\"><\/div><\/div><\/div>[vc_column_text]Nowa dostawa opraw firmy Alexander Wintsch[\/vc_column_text][vc_separator]<style type=\"text\/css\">#ut_custom_heading69dfe923329bf { font-size:20px !important;line-height:28px !important; }#ut_custom_heading69dfe923329bf { text-align:left; }@media (min-width: 768px) and (max-width: 1024px) { #ut_custom_heading69dfe923329bf { text-align:left; } }@media (max-width: 767px) { #ut_custom_heading69dfe923329bf { text-align:center; } }<\/style><h4 id=\"ut_custom_heading69dfe923329bf\" data-responsive-font=\"h4\" data-responsive-font-settings=\"{&quot;base-font-size&quot;:&quot;20&quot;,&quot;font-size-unit&quot;:&quot;px&quot;,&quot;font-size&quot;:{&quot;desktop_large&quot;:&quot;20&quot;},&quot;base-line-height&quot;:&quot;global&quot;,&quot;line-height&quot;:{&quot;desktop_large&quot;:&quot;28&quot;},&quot;base-letter-spacing&quot;:&quot;global&quot;}\" class=\"ut-custom-heading-module  \" ><span class=\"\" >Jesienna promocja<\/span><\/h4><div class=\"wpb_content_element  vc_custom_1636452600500\"><style type=\"text\/css\">#ut_header_69dfe9234ad2a h1.section-title { font-size:90px !important;line-height:100px !important;letter-spacing:-0.03em; }<\/style><header id=\"ut_header_69dfe9234ad2a\" class=\"section-header  ut-no-title-linebreak-mobile ut-no-lead-linebreak-mobile pt-style-7 header-left header-tablet-left header-mobile-center element-with-custom-line-height\"><div class=\"element-with-custom-line-height\" ><h1 data-title=\"OKULARY W PROMOCYJNYCH CENACH\"  data-responsive-font=\"section_title\" data-responsive-font-settings=\"{&quot;base-font-size&quot;:&quot;90&quot;,&quot;font-size-unit&quot;:&quot;px&quot;,&quot;font-size&quot;:{&quot;desktop_large&quot;:&quot;90&quot;},&quot;base-line-height&quot;:&quot;100&quot;,&quot;line-height-unit&quot;:&quot;px&quot;,&quot;line-height&quot;:{&quot;desktop_large&quot;:&quot;100&quot;},&quot;base-letter-spacing&quot;:&quot;global&quot;,&quot;letter-spacing&quot;:{&quot;desktop_large&quot;:&quot;-0.03&quot;}}\" class=\"section-title  \"><span>OKULARY W PROMOCYJNYCH CENACH<\/span><\/h1><\/div><\/header><\/div>[vc_column_text]<\/p>\n<div dir=\"auto\" style=\"text-align: justify;\">&#8211; przy zakupie pierwszej pary soczewek progresywnych, druga para 50% taniej (moce obu komplet\u00f3w musz\u0105 by\u0107 takie same)<br \/>\n&#8211; 25% na szk\u0142a ze specjaln\u0105 pow\u0142ok\u0105 Blue Control do komputera (magazyn &#8211; indeks 1,5 oraz 1,6)<br \/>\n&#8211; bezp\u0142atne badanie wzroku (przy zakupie okular\u00f3w powy\u017cej 300PLN)<\/div>\n<p>[\/vc_column_text]<div class=\"wpb_content_element ut-gallery-5  clearfix\"><style type=\"text\/css\">#ut_ig_69dfe9235b307 .ut-lazy:not(.ut-image-loaded) + .ut-video-module-loading { display:block; }#ut_ig_69dfe9235b307 .ut-lazy.ut-image-loaded + .ut-video-module-loading { display:none; }<\/style><div id=\"ut_ig_69dfe9235b307\" class=\"ut-image-gallery ut-image-gallery-module  ut-image-gallery-5 clearfix\" data-settings=\"{&quot;animate&quot;:true,&quot;effect&quot;:&quot;&quot;,&quot;lazy&quot;:true,&quot;delay_animation&quot;:false,&quot;global_delay_animation&quot;:false,&quot;delay_timer&quot;:100,&quot;global_delay_timer&quot;:100}\" ><div  data-count=\"2\" class=\"ut-image-gallery-item ut-animation-done grid-50 tablet-grid-50 mobile-grid-100\"><a  class=\"ut-vc-images-lightbox ut-vc-images-lightbox-group-image\"  data-exthumbimage=\"https:\/\/optyk-bochnia.pl\/wp-content\/uploads\/2021\/11\/pexels-cleyder-duque-3918401-200x200.jpg\" href=\"https:\/\/optyk-bochnia.pl\/wp-content\/uploads\/2021\/11\/pexels-cleyder-duque-3918401.jpg\" data-title=\"pexels-cleyder-duque-3918401\" data-caption=\"\" data-caption-color=\"\" data-caption-background=\"\"><div class=\"ut-image-gallery-image\" ><img  class=\" ut-lazy skip-lazy\" src=\"data:image\/svg+xml;charset=utf-8,%3Csvg xmlns%3D'http%3A%2F%2Fwww.w3.org%2F2000%2Fsvg' viewBox%3D'0 0 639 1000'%2F%3E\" data-src=\"https:\/\/optyk-bochnia.pl\/wp-content\/uploads\/2021\/11\/pexels-cleyder-duque-3918401.jpg\" width=\"639\" height=\"1000\"><\/div><\/a><\/div><div  data-count=\"2\" class=\"ut-image-gallery-item ut-animation-done ut-animation-done grid-50 tablet-grid-50 mobile-grid-100\"><a  class=\"ut-vc-images-lightbox ut-vc-images-lightbox-group-image\"  data-exthumbimage=\"https:\/\/optyk-bochnia.pl\/wp-content\/uploads\/2021\/11\/pexels-cleyder-duquec-3918401-200x200.jpg\" href=\"https:\/\/optyk-bochnia.pl\/wp-content\/uploads\/2021\/11\/pexels-cleyder-duquec-3918401.jpg\" data-title=\"pexels-cleyder-duquec-3918401\" data-caption=\"\" data-caption-color=\"\" data-caption-background=\"\"><div class=\"ut-image-gallery-image\" ><img  class=\" ut-lazy skip-lazy\" src=\"data:image\/svg+xml;charset=utf-8,%3Csvg xmlns%3D'http%3A%2F%2Fwww.w3.org%2F2000%2Fsvg' viewBox%3D'0 0 639 1000'%2F%3E\" data-src=\"https:\/\/optyk-bochnia.pl\/wp-content\/uploads\/2021\/11\/pexels-cleyder-duquec-3918401.jpg\" width=\"639\" height=\"1000\"><\/div><\/a><\/div><div class=\"ut-image-gallery-sizer\"><\/div><div class=\"clear\"><\/div><\/div><\/div>[\/vc_column][\/vc_row][\/vc_section][vc_section][vc_row delay=&#8221;true&#8221; effect=&#8221;fadeIn&#8221; el_name=&#8221;Row has animation&#8221;][vc_column]<div id=\"ut_cc_outer_69dfe9235c708\" class=\"wpb_content_element \"><style type=\"text\/css\">#ut_cc_69dfe9235c706.ut-brands:not(.ut-brands-carousel) {-webkit-box-pack: center; -ms-flex-pack: center; justify-content: center;}#ut_cc_69dfe9235c706 .ut-single-brand-logo{opacity: 1;}#ut_cc_69dfe9235c706 .ut-single-brand.ut-single-brand-link:hover .ut-single-brand-logo,#ut_cc_69dfe9235c706 .ut-single-brand.ut-single-brand-cells:hover .ut-single-brand-logo,#ut_cc_69dfe9235c706 .ut-single-brand:not(.ut-single-brand-link):not(.ut-single-brand-cells) .ut-single-brand-logo:hover {opacity: 1;}#ut_cc_69dfe9235c706 .ut-single-brand-logo img{max-height: 100px;}#ut_cc_69dfe9235c706.ut-brands-display-cells .ut-single-brand {border-right: 1px solid #DDD;border-bottom: 1px solid #DDD;}#ut_cc_69dfe9235c706.ut-brands-display-cells .ut-single-brand:first-child {border-left: 1px solid #DDD;}@media (min-width: 1025px) {#ut_cc_69dfe9235c706.ut-brands-display-cells .ut-single-brand:nth-child(3n+1) {border-left: 1px solid #DDD;}#ut_cc_69dfe9235c706.ut-brands-display-cells .ut-single-brand:nth-child(-n+3) {border-top: 1px solid #DDD;}#ut_cc_69dfe9235c706.ut-brands-display-plain:not(.ut-brands-carousel) .ut-single-brand:nth-last-child(-n+2) {padding-bottom: 0;}}@media (min-width: 768px) and (max-width: 1024px) {#ut_cc_69dfe9235c706.ut-brands-display-cells .ut-single-brand:nth-child(3n+1) {border-left: 1px solid #DDD;}#ut_cc_69dfe9235c706.ut-brands-display-cells .ut-single-brand:nth-child(-n+3) {border-top: 1px solid #DDD;}#ut_cc_69dfe9235c706.ut-brands-display-plain:not(.ut-brands-carousel) .ut-single-brand:nth-last-child(-n+2) {padding-bottom: 0;}}@media (max-width: 767px) {#ut_cc_69dfe9235c706.ut-brands-display-cells .ut-single-brand:nth-child(2n+1) {border-left: 1px solid #DDD;}#ut_cc_69dfe9235c706.ut-brands-display-cells .ut-single-brand:nth-child(-n+2) {border-top: 1px solid #DDD;}#ut_cc_69dfe9235c706.ut-brands-display-plain:not(.ut-brands-carousel) .ut-single-brand:nth-last-child(-n+1) {padding-bottom: 0;}}<\/style><div id=\"ut_cc_69dfe9235c706\" class=\"ut-brands  ut-brands-carousel ut-brands-carousel-no-arrows ut-brands-columns-3 ut-brands-display-plain ut-brands-no-border-top ut-brands-no-border-bottom\" data-settings=\"{&quot;cellAlign&quot;:&quot;left&quot;,&quot;wrapAround&quot;:true,&quot;groupCells&quot;:1,&quot;lazyLoad&quot;:4,&quot;imagesLoaded&quot;:true,&quot;pageDots&quot;:false,&quot;autoPlay&quot;:&quot;3000&quot;,&quot;pauseAutoPlayOnHover&quot;:false,&quot;prevNextButtons&quot;:false,&quot;arrowShape&quot;:&quot;&quot;}\"><div class=\"ut-single-brand \"><div class=\"ut-single-brand-logo\"><img alt=\"Image\" data-flickity-lazyload=\"https:\/\/optyk-bochnia.pl\/wp-content\/uploads\/2021\/10\/davidoff.jpg\"><\/div><\/div><div class=\"ut-single-brand \"><div class=\"ut-single-brand-logo\"><img alt=\"Image\" data-flickity-lazyload=\"https:\/\/optyk-bochnia.pl\/wp-content\/uploads\/2021\/10\/tommy.jpg\"><\/div><\/div><div class=\"ut-single-brand \"><div class=\"ut-single-brand-logo\"><img alt=\"Image\" data-flickity-lazyload=\"https:\/\/optyk-bochnia.pl\/wp-content\/uploads\/2021\/10\/ARMANI.jpg\"><\/div><\/div><div class=\"ut-single-brand \"><div class=\"ut-single-brand-logo\"><img alt=\"Image\" data-flickity-lazyload=\"https:\/\/optyk-bochnia.pl\/wp-content\/uploads\/2021\/10\/CARRERA.jpg\"><\/div><\/div><div class=\"ut-single-brand \"><div class=\"ut-single-brand-logo\"><img alt=\"Image\" data-flickity-lazyload=\"https:\/\/optyk-bochnia.pl\/wp-content\/uploads\/2021\/10\/VERSACE.jpg\"><\/div><\/div><div class=\"ut-single-brand \"><div class=\"ut-single-brand-logo\"><img alt=\"Image\" data-flickity-lazyload=\"https:\/\/optyk-bochnia.pl\/wp-content\/uploads\/2021\/10\/PRADA.jpg\"><\/div><\/div><div class=\"ut-single-brand \"><div class=\"ut-single-brand-logo\"><img alt=\"Image\" data-flickity-lazyload=\"https:\/\/optyk-bochnia.pl\/wp-content\/uploads\/2021\/10\/DOLCE1.jpg\"><\/div><\/div><div class=\"ut-single-brand \"><div class=\"ut-single-brand-logo\"><img alt=\"Image\" data-flickity-lazyload=\"https:\/\/optyk-bochnia.pl\/wp-content\/uploads\/2021\/10\/PERSOL.jpg\"><\/div><\/div><div class=\"ut-single-brand \"><div class=\"ut-single-brand-logo\"><img alt=\"Image\" data-flickity-lazyload=\"https:\/\/optyk-bochnia.pl\/wp-content\/uploads\/2021\/10\/OAKLEY.jpg\"><\/div><\/div><div class=\"ut-single-brand \"><div class=\"ut-single-brand-logo\"><img alt=\"Image\" data-flickity-lazyload=\"https:\/\/optyk-bochnia.pl\/wp-content\/uploads\/2021\/10\/VOQUE.jpg.jpg\"><\/div><\/div><div class=\"ut-single-brand \"><div class=\"ut-single-brand-logo\"><img alt=\"Image\" data-flickity-lazyload=\"https:\/\/optyk-bochnia.pl\/wp-content\/uploads\/2021\/10\/RAYBAN.jpg\"><\/div><\/div><\/div><\/div>[\/vc_column][\/vc_row][\/vc_section]<\/p>\n","protected":false},"excerpt":{"rendered":"<p>[vc_section el_name=&#8221;Cases&#8221; css=&#8221;.vc_custom_1635842908594{margin-top: 20px !important;border-top-width: 20px !important;padding-top: 20px !important;}&#8221;][vc_row delay=&#8221;true&#8221; effect=&#8221;fadeIn&#8221; el_name=&#8221;Row has animation&#8221;][vc_column background_position=&#8221;left top&#8221; hide_bg_mobile=&#8221;true&#8221; css=&#8221;.vc_custom_1616733997078{background-image: url(https:\/\/optyk-bochnia.pl\/wp-content\/uploads\/2021\/03\/ut-dots-dark.svg?id=9686) !important;background-position: 0 0 !important;background-repeat: no-repeat !important;}&#8221; effect=&#8221;none&#8221; offset=&#8221;vc_col-lg-offset-2 vc_col-lg-8 vc_col-md-offset-1 vc_col-md-9 vc_col-sm-offset-1 vc_col-sm-9&#8243; el_class=&#8221;website-49-custom-box&#8221;][vc_column_text] Do ko\u0144ca tygodnia: &#8211; szk\u0142a jednoogniskowe firmy HOYA z najtwardsz\u0105 pow\u0142ok\u0105 antyrefleksyjn\u0105 Hi-Vision Longlife -20% &#8211; przy zakupie dw\u00f3ch par okular\u00f3w na [&hellip;]<\/p>\n","protected":false},"author":1,"featured_media":0,"parent":0,"menu_order":0,"comment_status":"closed","ping_status":"closed","template":"","meta":[],"_links":{"self":[{"href":"https:\/\/optyk-bochnia.pl\/index.php\/wp-json\/wp\/v2\/pages\/10125"}],"collection":[{"href":"https:\/\/optyk-bochnia.pl\/index.php\/wp-json\/wp\/v2\/pages"}],"about":[{"href":"https:\/\/optyk-bochnia.pl\/index.php\/wp-json\/wp\/v2\/types\/page"}],"author":[{"embeddable":true,"href":"https:\/\/optyk-bochnia.pl\/index.php\/wp-json\/wp\/v2\/users\/1"}],"replies":[{"embeddable":true,"href":"https:\/\/optyk-bochnia.pl\/index.php\/wp-json\/wp\/v2\/comments?post=10125"}],"version-history":[{"count":16,"href":"https:\/\/optyk-bochnia.pl\/index.php\/wp-json\/wp\/v2\/pages\/10125\/revisions"}],"predecessor-version":[{"id":10155,"href":"https:\/\/optyk-bochnia.pl\/index.php\/wp-json\/wp\/v2\/pages\/10125\/revisions\/10155"}],"wp:attachment":[{"href":"https:\/\/optyk-bochnia.pl\/index.php\/wp-json\/wp\/v2\/media?parent=10125"}],"curies":[{"name":"wp","href":"https:\/\/api.w.org\/{rel}","templated":true}]}}