{"id":10076,"date":"2021-11-02T07:12:03","date_gmt":"2021-11-02T07:12:03","guid":{"rendered":"https:\/\/optyk-bochnia.pl\/?page_id=10076"},"modified":"2021-11-04T09:07:34","modified_gmt":"2021-11-04T09:07:34","slug":"soczewki","status":"publish","type":"page","link":"https:\/\/optyk-bochnia.pl\/index.php\/soczewki\/","title":{"rendered":"Soczewki"},"content":{"rendered":"<p>[vc_section el_name=&#8221;Cases&#8221; css=&#8221;.vc_custom_1635842948151{margin-top: 20px !important;border-top-width: 20px !important;padding-top: 20px !important;}&#8221;][vc_row delay=&#8221;true&#8221; effect=&#8221;fadeIn&#8221; el_name=&#8221;Row has animation&#8221;][vc_column background_position=&#8221;left top&#8221; hide_bg_mobile=&#8221;true&#8221; css=&#8221;.vc_custom_1616733997078{background-image: url(https:\/\/optyk-bochnia.pl\/wp-content\/uploads\/2021\/03\/ut-dots-dark.svg?id=9686) !important;background-position: 0 0 !important;background-repeat: no-repeat !important;}&#8221; effect=&#8221;none&#8221; offset=&#8221;vc_col-lg-offset-2 vc_col-lg-8 vc_col-md-offset-1 vc_col-md-9 vc_col-sm-offset-1 vc_col-sm-9&#8243; el_class=&#8221;website-49-custom-box&#8221;]<style type=\"text\/css\">#ut_custom_heading69dfe90f7521a { font-size:20px !important;line-height:28px !important; }#ut_custom_heading69dfe90f7521a { text-align:left; }@media (min-width: 768px) and (max-width: 1024px) { #ut_custom_heading69dfe90f7521a { text-align:left; } }@media (max-width: 767px) { #ut_custom_heading69dfe90f7521a { text-align:center; } }<\/style><h4 id=\"ut_custom_heading69dfe90f7521a\" data-responsive-font=\"h4\" data-responsive-font-settings=\"{&quot;base-font-size&quot;:&quot;20&quot;,&quot;font-size-unit&quot;:&quot;px&quot;,&quot;font-size&quot;:{&quot;desktop_large&quot;:&quot;20&quot;},&quot;base-line-height&quot;:&quot;global&quot;,&quot;line-height&quot;:{&quot;desktop_large&quot;:&quot;28&quot;},&quot;base-letter-spacing&quot;:&quot;global&quot;}\" class=\"ut-custom-heading-module  \" ><span class=\"\" >W naszej ofercie<\/span><\/h4><div class=\"wpb_content_element  vc_custom_1635837103291\"><style type=\"text\/css\">#ut_header_69dfe90f97508 h1.section-title { font-size:90px !important;line-height:100px !important;letter-spacing:-0.03em; }<\/style><header id=\"ut_header_69dfe90f97508\" class=\"section-header  ut-no-title-linebreak-mobile ut-no-lead-linebreak-mobile pt-style-7 header-left header-tablet-left header-mobile-center element-with-custom-line-height\"><div class=\"element-with-custom-line-height\" ><h1 data-title=\"SOCZEWKI KONTAKTOWE\"  data-responsive-font=\"section_title\" data-responsive-font-settings=\"{&quot;base-font-size&quot;:&quot;90&quot;,&quot;font-size-unit&quot;:&quot;px&quot;,&quot;font-size&quot;:{&quot;desktop_large&quot;:&quot;90&quot;},&quot;base-line-height&quot;:&quot;100&quot;,&quot;line-height-unit&quot;:&quot;px&quot;,&quot;line-height&quot;:{&quot;desktop_large&quot;:&quot;100&quot;},&quot;base-letter-spacing&quot;:&quot;global&quot;,&quot;letter-spacing&quot;:{&quot;desktop_large&quot;:&quot;-0.03&quot;}}\" class=\"section-title  \"><span>SOCZEWKI KONTAKTOWE<\/span><\/h1><\/div><div data-delay=\"0\" class=\"lead \"><p><\/p>\n<\/div><\/header><\/div>[vc_column_text]<\/p>\n<p style=\"text-align: justify;\">Soczewki kontaktowe stanowi\u0105 alternatyw\u0119 dla okular\u00f3w. Dobrze sprawdzaj\u0105 si\u0119 podczas niekt\u00f3rych aktywno\u015bci, np. podczas uprawiania sportu. Na podstawie przeprowadzonego badania pomo\u017cemy Ci dobra\u0107 i dopasowa\u0107 odpowiedni typ soczewek.<\/p>\n<p>[\/vc_column_text][\/vc_column][\/vc_row][vc_row hide_on_mobile=&#8221;true&#8221; delay=&#8221;true&#8221; effect=&#8221;fadeIn&#8221; el_name=&#8221;Row has animation&#8221; css=&#8221;.vc_custom_1616512798445{margin-top: 80px !important;}&#8221;][vc_column effect=&#8221;none&#8221;][vc_separator color=&#8221;custom&#8221; accent_color=&#8221;#dddddd&#8221;][\/vc_column][\/vc_row][\/vc_section][vc_section css=&#8221;.vc_custom_1616000333063{padding-top: 40px !important;}&#8221;][vc_row delay=&#8221;true&#8221; el_name=&#8221;Showcase has margin bottom 0&#8243; effect=&#8221;fadeIn&#8221;][vc_column]<div id=\"ut_oms_69dfe90fa5bc4\" class=\"wpb_content_element \"><style type=\"text\/css\"> #ut_oms_69dfe90fa5bc4 .ut-gallery-slider-caption-wrap::before { content: \"\"; }<\/style><div class=\"ut-owl-gallery-slider-wrap ut-owl-gallery-slider-style-one\"><div id=\"ut_ms_69dfe90fa5bc2\" class=\"ut-owl-gallery-slider owl-carousel owl-theme  ut-owl-carousel\" data-settings=\"{&quot;items&quot;:&quot;2&quot;,&quot;lazyLoad&quot;:true,&quot;smartSpeed&quot;:600,&quot;animateIn&quot;:false,&quot;animateOut&quot;:false,&quot;autoplay&quot;:true,&quot;autoplayHoverPause&quot;:true,&quot;autoplayTimeout&quot;:5000,&quot;loop&quot;:true,&quot;nav&quot;:false,&quot;dots&quot;:false,&quot;responsiveClass&quot;:true,&quot;responsive&quot;:{&quot;0&quot;:{&quot;items&quot;:1},&quot;768&quot;:{&quot;items&quot;:1},&quot;1025&quot;:{&quot;items&quot;:&quot;2&quot;}},&quot;lightbox&quot;:&quot;yes&quot;}\"><div><figure class=\"ut-gallery-slider-caption-wrap\"><a data-title=\"pexels-nataliya-vaitkevich-5842846\" data-caption=\"\" data-caption-color=\"\" data-caption-background=\"\" data-trigger-id=\"ut-lightbox-trigger-10081\" data-exthumbimage=\"https:\/\/optyk-bochnia.pl\/wp-content\/uploads\/2021\/11\/pexels-nataliya-vaitkevich-5842846-1-200x200.jpg\" href=\"https:\/\/optyk-bochnia.pl\/wp-content\/uploads\/2021\/11\/pexels-nataliya-vaitkevich-5842846-1.jpg\" class=\"for-lightbox ut-slider-maximize\"><i class=\"Bklyn-Core-Maximize-3\"><\/i><\/a><img class=\"item owl-lazy\"  data-src=\"https:\/\/optyk-bochnia.pl\/wp-content\/uploads\/2021\/11\/pexels-nataliya-vaitkevich-5842846-1.jpg\" \/><\/figure><\/div><div><figure class=\"ut-gallery-slider-caption-wrap\"><a data-title=\"pexels-nataliya-vaitkevich-5842846\" data-caption=\"\" data-caption-color=\"\" data-caption-background=\"\" data-trigger-id=\"ut-lightbox-trigger-10079\" data-exthumbimage=\"https:\/\/optyk-bochnia.pl\/wp-content\/uploads\/2021\/11\/pexels-nataliya-vaitkevich-5842846-200x200.jpg\" href=\"https:\/\/optyk-bochnia.pl\/wp-content\/uploads\/2021\/11\/pexels-nataliya-vaitkevich-5842846.jpg\" class=\"for-lightbox ut-slider-maximize\"><i class=\"Bklyn-Core-Maximize-3\"><\/i><\/a><img class=\"item owl-lazy\"  data-src=\"https:\/\/optyk-bochnia.pl\/wp-content\/uploads\/2021\/11\/pexels-nataliya-vaitkevich-5842846.jpg\" \/><\/figure><\/div><div><figure class=\"ut-gallery-slider-caption-wrap\"><a data-title=\"pexels-nataliya-vaitkevich-5842846\" data-caption=\"\" data-caption-color=\"\" data-caption-background=\"\" data-trigger-id=\"ut-lightbox-trigger-10084\" data-exthumbimage=\"https:\/\/optyk-bochnia.pl\/wp-content\/uploads\/2021\/11\/pexels-nataliya-vaitkevich-5842846-2-200x200.jpg\" href=\"https:\/\/optyk-bochnia.pl\/wp-content\/uploads\/2021\/11\/pexels-nataliya-vaitkevich-5842846-2.jpg\" class=\"for-lightbox ut-slider-maximize\"><i class=\"Bklyn-Core-Maximize-3\"><\/i><\/a><img class=\"item owl-lazy\"  data-src=\"https:\/\/optyk-bochnia.pl\/wp-content\/uploads\/2021\/11\/pexels-nataliya-vaitkevich-5842846-2.jpg\" \/><\/figure><\/div><div><figure class=\"ut-gallery-slider-caption-wrap\"><a data-title=\"pexels-nataliyVa-vaitkevich-5842846\" data-caption=\"\" data-caption-color=\"\" data-caption-background=\"\" data-trigger-id=\"ut-lightbox-trigger-10083\" data-exthumbimage=\"https:\/\/optyk-bochnia.pl\/wp-content\/uploads\/2021\/11\/pexels-nataliyVa-vaitkevich-5842846-200x200.jpg\" href=\"https:\/\/optyk-bochnia.pl\/wp-content\/uploads\/2021\/11\/pexels-nataliyVa-vaitkevich-5842846.jpg\" class=\"for-lightbox ut-slider-maximize\"><i class=\"Bklyn-Core-Maximize-3\"><\/i><\/a><img class=\"item owl-lazy\"  data-src=\"https:\/\/optyk-bochnia.pl\/wp-content\/uploads\/2021\/11\/pexels-nataliyVa-vaitkevich-5842846.jpg\" \/><\/figure><\/div><\/div><a href=\"#\" data-for=\"ut_ms_69dfe90fa5bc2\" class=\"ut-prev-gallery-slide \"><i class=\"Bklyn-Core-Left-2\"><\/i><\/a><a href=\"#\" data-for=\"ut_ms_69dfe90fa5bc2\" class=\"ut-next-gallery-slide \"><i class=\"Bklyn-Core-Right-2\"><\/i><\/a><\/div><\/div>[\/vc_column][\/vc_row][vc_row delay=&#8221;true&#8221; effect=&#8221;fadeIn&#8221; el_name=&#8221;Row has animation&#8221;][vc_column background_position=&#8221;left top&#8221; hide_bg_mobile=&#8221;true&#8221; css=&#8221;.vc_custom_1616733997078{background-image: url(https:\/\/optyk-bochnia.pl\/wp-content\/uploads\/2021\/03\/ut-dots-dark.svg?id=9686) !important;background-position: 0 0 !important;background-repeat: no-repeat !important;}&#8221; effect=&#8221;none&#8221; offset=&#8221;vc_col-lg-offset-2 vc_col-lg-8 vc_col-md-offset-1 vc_col-md-9 vc_col-sm-offset-1 vc_col-sm-9&#8243; el_class=&#8221;website-49-custom-box&#8221;]<style type=\"text\/css\">#ut_custom_heading69dfe90faa4e5 { font-size:20px !important;line-height:28px !important; }#ut_custom_heading69dfe90faa4e5 { text-align:left; }@media (min-width: 768px) and (max-width: 1024px) { #ut_custom_heading69dfe90faa4e5 { text-align:left; } }@media (max-width: 767px) { #ut_custom_heading69dfe90faa4e5 { text-align:center; } }<\/style><h4 id=\"ut_custom_heading69dfe90faa4e5\" data-responsive-font=\"h4\" data-responsive-font-settings=\"{&quot;base-font-size&quot;:&quot;20&quot;,&quot;font-size-unit&quot;:&quot;px&quot;,&quot;font-size&quot;:{&quot;desktop_large&quot;:&quot;20&quot;},&quot;base-line-height&quot;:&quot;global&quot;,&quot;line-height&quot;:{&quot;desktop_large&quot;:&quot;28&quot;},&quot;base-letter-spacing&quot;:&quot;global&quot;}\" class=\"ut-custom-heading-module  \" ><span class=\"\" >W naszej ofercie<\/span><\/h4><div class=\"wpb_content_element  vc_custom_1635963144845\"><style type=\"text\/css\">#ut_header_69dfe90fc5132 h1.section-title { font-size:90px !important;line-height:100px !important;letter-spacing:-0.03em; }<\/style><header id=\"ut_header_69dfe90fc5132\" class=\"section-header  ut-no-title-linebreak-mobile ut-no-lead-linebreak-mobile pt-style-7 header-left header-tablet-left header-mobile-center element-with-custom-line-height\"><div class=\"element-with-custom-line-height\" ><h1 data-title=\"SOCZEWKI OKULAROWE\"  data-responsive-font=\"section_title\" data-responsive-font-settings=\"{&quot;base-font-size&quot;:&quot;90&quot;,&quot;font-size-unit&quot;:&quot;px&quot;,&quot;font-size&quot;:{&quot;desktop_large&quot;:&quot;90&quot;},&quot;base-line-height&quot;:&quot;100&quot;,&quot;line-height-unit&quot;:&quot;px&quot;,&quot;line-height&quot;:{&quot;desktop_large&quot;:&quot;100&quot;},&quot;base-letter-spacing&quot;:&quot;global&quot;,&quot;letter-spacing&quot;:{&quot;desktop_large&quot;:&quot;-0.03&quot;}}\" class=\"section-title  \"><span>SOCZEWKI OKULAROWE<\/span><\/h1><\/div><\/header><\/div>[vc_column_text]<\/p>\n<p style=\"text-align: justify;\"><strong>SOCZEWKI OKULAROWE<\/strong><\/p>\n<p style=\"text-align: justify;\">Szczeg\u00f3lnie istotna jest, zaraz obok doboru oprawy i wnikliwego badania, rekomendacja odpowiednich szkie\u0142 okularowych, dopasowanych do potrzeb ka\u017cdego klienta, dlatego oferujemy szk\u0142a jednoogniskowe,\u00a0 dwuogniskowe, progresywne, biurowe, relaksacyjne i wiele innych. Wsp\u00f3\u0142pracujemy z najbardziej cenionymi producentami soczewek na \u015bwiecie. W\u015br\u00f3d nich wymieni\u0107 mo\u017cna:<\/p>\n<p>[\/vc_column_text]<div id=\"ut_cc_outer_69dfe90fd3e0a\" class=\"wpb_content_element \"><style type=\"text\/css\">#ut_cc_69dfe90fd3e08.ut-brands:not(.ut-brands-carousel) {-webkit-box-pack: center; -ms-flex-pack: center; justify-content: center;}#ut_cc_69dfe90fd3e08 .ut-single-brand-logo{opacity: 1;}#ut_cc_69dfe90fd3e08 .ut-single-brand.ut-single-brand-link:hover .ut-single-brand-logo,#ut_cc_69dfe90fd3e08 .ut-single-brand.ut-single-brand-cells:hover .ut-single-brand-logo,#ut_cc_69dfe90fd3e08 .ut-single-brand:not(.ut-single-brand-link):not(.ut-single-brand-cells) .ut-single-brand-logo:hover {opacity: 1;}#ut_cc_69dfe90fd3e08.ut-brands-display-cells .ut-single-brand {border-right: 1px solid #DDD;border-bottom: 1px solid #DDD;}#ut_cc_69dfe90fd3e08.ut-brands-display-cells .ut-single-brand:first-child {border-left: 1px solid #DDD;}@media (min-width: 1025px) {#ut_cc_69dfe90fd3e08.ut-brands-display-cells .ut-single-brand:nth-child(3n+1) {border-left: 1px solid #DDD;}#ut_cc_69dfe90fd3e08.ut-brands-display-cells .ut-single-brand:nth-child(-n+3) {border-top: 1px solid #DDD;}#ut_cc_69dfe90fd3e08.ut-brands-display-plain:not(.ut-brands-carousel) .ut-single-brand:nth-last-child(-n+3) {padding-bottom: 0;}}@media (min-width: 768px) and (max-width: 1024px) {#ut_cc_69dfe90fd3e08.ut-brands-display-cells .ut-single-brand:nth-child(3n+1) {border-left: 1px solid #DDD;}#ut_cc_69dfe90fd3e08.ut-brands-display-cells .ut-single-brand:nth-child(-n+3) {border-top: 1px solid #DDD;}#ut_cc_69dfe90fd3e08.ut-brands-display-plain:not(.ut-brands-carousel) .ut-single-brand:nth-last-child(-n+3) {padding-bottom: 0;}}@media (max-width: 767px) {#ut_cc_69dfe90fd3e08.ut-brands-display-cells .ut-single-brand:nth-child(2n+1) {border-left: 1px solid #DDD;}#ut_cc_69dfe90fd3e08.ut-brands-display-cells .ut-single-brand:nth-child(-n+2) {border-top: 1px solid #DDD;}#ut_cc_69dfe90fd3e08.ut-brands-display-plain:not(.ut-brands-carousel) .ut-single-brand:nth-last-child(-n+2) {padding-bottom: 0;}}<\/style><div id=\"ut_cc_69dfe90fd3e08\" class=\"ut-brands  ut-brands-carousel ut-brands-carousel-no-arrows ut-brands-columns-3 ut-brands-display-plain ut-brands-no-border-top ut-brands-no-border-bottom\" data-settings=\"{&quot;cellAlign&quot;:&quot;left&quot;,&quot;wrapAround&quot;:true,&quot;groupCells&quot;:1,&quot;lazyLoad&quot;:4,&quot;imagesLoaded&quot;:true,&quot;pageDots&quot;:false,&quot;autoPlay&quot;:&quot;3000&quot;,&quot;pauseAutoPlayOnHover&quot;:false,&quot;prevNextButtons&quot;:false,&quot;arrowShape&quot;:&quot;&quot;}\"><div class=\"ut-single-brand \"><div class=\"ut-single-brand-logo\"><a target=\" _blank\" href=\"https:\/\/szajna.pl\" ><img alt=\"\" data-flickity-lazyload=\"https:\/\/optyk-bochnia.pl\/wp-content\/uploads\/2021\/11\/SZAJNA.jpg\"><\/a><\/div><\/div><div class=\"ut-single-brand \"><div class=\"ut-single-brand-logo\"><a target=\" _blank\" href=\"https:\/\/www.jzo.com.pl\" ><img alt=\"\" data-flickity-lazyload=\"https:\/\/optyk-bochnia.pl\/wp-content\/uploads\/2021\/11\/JZO.jpg\"><\/a><\/div><\/div><div class=\"ut-single-brand \"><div class=\"ut-single-brand-logo\"><a target=\" _blank\" href=\"https:\/\/www.essilor.pl\" ><img alt=\"\" data-flickity-lazyload=\"https:\/\/optyk-bochnia.pl\/wp-content\/uploads\/2021\/11\/ESSILOR.jpg\"><\/a><\/div><\/div><div class=\"ut-single-brand \"><div class=\"ut-single-brand-logo\"><a target=\" _blank\" href=\"https:\/\/www.seikovision.com\/pl\/\" ><img alt=\"\" data-flickity-lazyload=\"https:\/\/optyk-bochnia.pl\/wp-content\/uploads\/2021\/11\/SEIKO.jpg\"><\/a><\/div><\/div><div class=\"ut-single-brand \"><div class=\"ut-single-brand-logo\"><a target=\" _blank\" href=\"https:\/\/www.rodenstock.com\/pl\/pl\/index.html\" ><img alt=\"\" data-flickity-lazyload=\"https:\/\/optyk-bochnia.pl\/wp-content\/uploads\/2021\/11\/REDENSTOCK.jpg\"><\/a><\/div><\/div><div class=\"ut-single-brand \"><div class=\"ut-single-brand-logo\"><a target=\" _blank\" href=\"https:\/\/www.hoyavision.com\/pl\/moje-potrzeby\/dla-uytkownikow\/wybieramy-soczewki\/?gclid=CjwKCAjwiY6MBhBqEiwARFSCPsirFMZb2ihue0ezWtFK724cNUymdDHM7X1zUaQcB8MoBgsE9qvbfxoC8oMQAvD_BwE\" ><img alt=\"\" data-flickity-lazyload=\"https:\/\/optyk-bochnia.pl\/wp-content\/uploads\/2021\/11\/HOYA.jpg\"><\/a><\/div><\/div><\/div><\/div>[\/vc_column][\/vc_row][\/vc_section]<\/p>\n","protected":false},"excerpt":{"rendered":"<p>[vc_section el_name=&#8221;Cases&#8221; css=&#8221;.vc_custom_1635842948151{margin-top: 20px !important;border-top-width: 20px !important;padding-top: 20px !important;}&#8221;][vc_row delay=&#8221;true&#8221; effect=&#8221;fadeIn&#8221; el_name=&#8221;Row has animation&#8221;][vc_column background_position=&#8221;left top&#8221; hide_bg_mobile=&#8221;true&#8221; css=&#8221;.vc_custom_1616733997078{background-image: url(https:\/\/optyk-bochnia.pl\/wp-content\/uploads\/2021\/03\/ut-dots-dark.svg?id=9686) !important;background-position: 0 0 !important;background-repeat: no-repeat !important;}&#8221; effect=&#8221;none&#8221; offset=&#8221;vc_col-lg-offset-2 vc_col-lg-8 vc_col-md-offset-1 vc_col-md-9 vc_col-sm-offset-1 vc_col-sm-9&#8243; el_class=&#8221;website-49-custom-box&#8221;][vc_column_text] Soczewki kontaktowe stanowi\u0105 alternatyw\u0119 dla okular\u00f3w. Dobrze sprawdzaj\u0105 si\u0119 podczas niekt\u00f3rych aktywno\u015bci, np. podczas uprawiania sportu. Na podstawie przeprowadzonego badania pomo\u017cemy Ci [&hellip;]<\/p>\n","protected":false},"author":1,"featured_media":0,"parent":0,"menu_order":0,"comment_status":"closed","ping_status":"closed","template":"","meta":[],"_links":{"self":[{"href":"https:\/\/optyk-bochnia.pl\/index.php\/wp-json\/wp\/v2\/pages\/10076"}],"collection":[{"href":"https:\/\/optyk-bochnia.pl\/index.php\/wp-json\/wp\/v2\/pages"}],"about":[{"href":"https:\/\/optyk-bochnia.pl\/index.php\/wp-json\/wp\/v2\/types\/page"}],"author":[{"embeddable":true,"href":"https:\/\/optyk-bochnia.pl\/index.php\/wp-json\/wp\/v2\/users\/1"}],"replies":[{"embeddable":true,"href":"https:\/\/optyk-bochnia.pl\/index.php\/wp-json\/wp\/v2\/comments?post=10076"}],"version-history":[{"count":16,"href":"https:\/\/optyk-bochnia.pl\/index.php\/wp-json\/wp\/v2\/pages\/10076\/revisions"}],"predecessor-version":[{"id":10120,"href":"https:\/\/optyk-bochnia.pl\/index.php\/wp-json\/wp\/v2\/pages\/10076\/revisions\/10120"}],"wp:attachment":[{"href":"https:\/\/optyk-bochnia.pl\/index.php\/wp-json\/wp\/v2\/media?parent=10076"}],"curies":[{"name":"wp","href":"https:\/\/api.w.org\/{rel}","templated":true}]}}